{"id":2,"date":"2016-05-10T03:48:21","date_gmt":"2016-05-10T03:48:21","guid":{"rendered":"http:\/\/ffthm.de\/?page_id=2"},"modified":"2026-01-07T10:33:14","modified_gmt":"2026-01-07T10:33:14","slug":"kontakt","status":"publish","type":"page","link":"https:\/\/ffthm.de\/?page_id=2","title":{"rendered":"Impressum"},"content":{"rendered":"\n<div class=\"wp-block-group alignwide\"><div class=\"wp-block-group__inner-container is-layout-flow wp-block-group-is-layout-flow\">\n<h2 class=\"wp-block-heading\"><\/h2>\n<\/div><\/div>\n\n\n\n<pre class=\"wp-block-verse\">Freunde und F\u00f6rderer der Technischen Hochschule Mittelhessen in Friedberg e.V.\n\nWilhelm-Leuschner-Str. 13\n61169 Friedberg (Hessen)\n\nTelefon : +49 (0)6031\/604-5716\n\n\n\nGemeinschaftlich Vertretungsbereichtigt : \n\n1. Vorsitzender   \nProf. Dr. Lars Heinert\nFachbereich WI\nc\/o Wilhelm-Leuschner-Str. 13\n61169 Friedberg (Hessen)\nTelefon : +49 (0)6031\/604-5716\ne-mail : info[at]ffthm.de\n\n2. Vorsitzender\nProf. Dr. Claus Breuer\nFachbereich M\nc\/o Wilhelm-Leuschner-Str. 13\n61169 Friedberg (Hessen)\nTelefon : +49 (0)6031\/604-5716\ne-mail : info[at]ffthm.de\n\nSchatzmeister\nProf. Dr. Reinhard Wilhelm\nFachbereich WI\nc\/o Wilhelm-Leuschner-Str. 13\n61169 Friedberg (Hessen)\nTelefon : +49 (0)6031\/604-5716\ne-mail : info[at]ffthm.de\n\nSchriftf\u00fchrer\nProf. Dr. Dieter Baums\nFachbereich IEM\nc\/o Wilhelm-Leuschner-Str. 13\n61169 Friedberg (Hessen)\nTelefon : +49 (0)6031\/604-5716\ne-mail : info[at]ffthm.de\n\n\nRegistergericht:        Amtsgericht Friedberg (Hessen)\nVereinsregister-Nummer: VR 252\nVertretungsberechtigt:  2 Mitglieder des Vorstandes\n\n\nV.i.S.d \u00a7 18 Abs. 2 MStV : \nProf. Dr. Lars Heinert\nFachbereich WI\nc\/o Wilhelm-Leuschner-Str. 13\n61169 Friedberg (Hessen)\nTelefon : +49 (0)6031\/604-5716\ne-mail : info[at]ffthm.de\n<\/pre>\n\n\n\n<h2 class=\"wp-block-heading\">Spenden<\/h2>\n\n\n\n<pre class=\"wp-block-preformatted\">Spenden sind uns jederzeit willkommen. Die Bankverbindung f\u00fcr unser Spendenkonto ist <br><br><strong>Sparkasse Oberhessen : BIC HELADEF1FRI<\/strong><br><strong>IBAN DE37 5185 0079 0050 0074 64<\/strong><br><br>Der Empf\u00e4ngername ist <br><br><strong>FF THM FB<\/strong><br><br>Spendenbescheinigungen bekommen Sie automatisch, wenn Sie Mitglied des <br>Vereins sind oder Ihre Adresse bei der \u00dcberweisung angegeben haben. F\u00fcr<br>R\u00fcckfragen schreiben Sie bitte eine Mail an <strong>info[at]ffthm.de<\/strong><\/pre>\n\n\n\n<h2 class=\"wp-block-heading\">Kontakt<\/h2>\n\n\n\n<pre class=\"wp-block-verse\">Wenn Sie uns etwas mitteilen oder fragen wollen, k\u00f6nnen Sie uns bequem \nper Mail mit <strong>info[at]ffthm.de<\/strong> erreichen. \nFalls Sie den Postweg vorziehen, ist unsere Anschrift\n<strong>Freunde und F\u00f6rderer der THM in Friedberg (FFTHM) e.V.\nWilhelm-Leuschner-Str. 13\n61169 Friedberg (Hessen)<\/strong><\/pre>\n\n\n\n<p><\/p>\n","protected":false},"excerpt":{"rendered":"<p>Freunde und F\u00f6rderer der Technischen Hochschule Mittelhessen in Friedberg e.V. Wilhelm-Leuschner-Str. 13 61169 Friedberg (Hessen) Telefon : +49 (0)6031\/604-5716 Gemeinschaftlich Vertretungsbereichtigt : 1. Vorsitzender Prof. Dr. Lars Heinert Fachbereich WI c\/o Wilhelm-Leuschner-Str. 13 61169 Friedberg (Hessen) Telefon : +49 (0)6031\/604-5716 e-mail : info[at]ffthm.de 2. Vorsitzender Prof. Dr. Claus Breuer Fachbereich M c\/o Wilhelm-Leuschner-Str. 13 61169 [&hellip;]<\/p>\n","protected":false},"author":1,"featured_media":0,"parent":10,"menu_order":0,"comment_status":"closed","ping_status":"closed","template":"","meta":{"footnotes":""},"class_list":["post-2","page","type-page","status-publish","hentry"],"_links":{"self":[{"href":"https:\/\/ffthm.de\/index.php?rest_route=\/wp\/v2\/pages\/2","targetHints":{"allow":["GET"]}}],"collection":[{"href":"https:\/\/ffthm.de\/index.php?rest_route=\/wp\/v2\/pages"}],"about":[{"href":"https:\/\/ffthm.de\/index.php?rest_route=\/wp\/v2\/types\/page"}],"author":[{"embeddable":true,"href":"https:\/\/ffthm.de\/index.php?rest_route=\/wp\/v2\/users\/1"}],"replies":[{"embeddable":true,"href":"https:\/\/ffthm.de\/index.php?rest_route=%2Fwp%2Fv2%2Fcomments&post=2"}],"version-history":[{"count":16,"href":"https:\/\/ffthm.de\/index.php?rest_route=\/wp\/v2\/pages\/2\/revisions"}],"predecessor-version":[{"id":310,"href":"https:\/\/ffthm.de\/index.php?rest_route=\/wp\/v2\/pages\/2\/revisions\/310"}],"up":[{"embeddable":true,"href":"https:\/\/ffthm.de\/index.php?rest_route=\/wp\/v2\/pages\/10"}],"wp:attachment":[{"href":"https:\/\/ffthm.de\/index.php?rest_route=%2Fwp%2Fv2%2Fmedia&parent=2"}],"curies":[{"name":"wp","href":"https:\/\/api.w.org\/{rel}","templated":true}]}}