{"id":10,"date":"2020-06-10T17:17:04","date_gmt":"2020-06-10T17:17:04","guid":{"rendered":"http:\/\/ffthm.de\/?page_id=10"},"modified":"2026-01-07T10:39:01","modified_gmt":"2026-01-07T10:39:01","slug":"ffthm-de","status":"publish","type":"page","link":"https:\/\/ffthm.de\/","title":{"rendered":"FFTHM.de"},"content":{"rendered":"\n<p><\/p>\n\n\n\n<p><\/p>\n\n\n\n<p><strong>Was will dieser Verein?<\/strong><\/p>\n\n\n\n<ul class=\"wp-block-list\">\n<li>die Aus- und Weiterbildung an der THM in Friedberg f\u00f6rdern,<\/li>\n\n\n\n<li>den Kontakt zwischen den Absolventinnen und Absolventen aufrecht halten,<\/li>\n\n\n\n<li>Verbindungen zum fachlichen und beruflichen Umfeld pflegen,<\/li>\n\n\n\n<li>hochschulweit Alumniarbeit, Hochschulsport und Kultur unterst\u00fctzen.<\/li>\n<\/ul>\n\n\n\n<p><strong>Der Verein<\/strong><\/p>\n\n\n\n<ul class=\"wp-block-list\">\n<li>ist gemeinn\u00fctzig,<\/li>\n\n\n\n<li>verwendet seine Mittel nur f\u00fcr satzungsgem\u00e4\u00dfe Zwecke.<\/li>\n<\/ul>\n\n\n\n<p><strong>Was tut der Verein?<\/strong><\/p>\n\n\n\n<ul class=\"wp-block-list\">\n<li>Zusch\u00fcsse zu Exkursionen und experimentellen Abschlussarbeiten,<\/li>\n\n\n\n<li>Zusch\u00fcsse zur Anschaffung von Laborger\u00e4ten,<\/li>\n\n\n\n<li>Vergabe von Deutschland-Stipendien,<\/li>\n\n\n\n<li>F\u00f6rderung von Studierenden durch Stipendien,<\/li>\n\n\n\n<li>Vergabe von Preisen f\u00fcr besonderes Engagement und herausragende Studienleistungen,<\/li>\n\n\n\n<li>Zusch\u00fcsse zu Projekten, die die Eingangsqualifikation der Studierenden verbessern. <\/li>\n<\/ul>\n\n\n\n<p><strong>Wir freuen uns \u00fcber neue Mitglieder im F\u00f6rderverein!<\/strong><\/p>\n\n\n\n<p><strong>Studierende und Ehemalige sind ebenso herzlich willkommen<br>wie Unternehmen und Institutionen<\/strong>.<\/p>\n\n\n\n<h2 class=\"wp-block-heading\"><\/h2>\n\n\n\n<p><\/p>\n","protected":false},"excerpt":{"rendered":"<p>Was will dieser Verein? Der Verein Was tut der Verein? Wir freuen uns \u00fcber neue Mitglieder im F\u00f6rderverein! Studierende und Ehemalige sind ebenso herzlich willkommenwie Unternehmen und Institutionen.<\/p>\n","protected":false},"author":1,"featured_media":0,"parent":0,"menu_order":1,"comment_status":"closed","ping_status":"closed","template":"","meta":{"footnotes":""},"class_list":["post-10","page","type-page","status-publish","hentry"],"_links":{"self":[{"href":"https:\/\/ffthm.de\/index.php?rest_route=\/wp\/v2\/pages\/10","targetHints":{"allow":["GET"]}}],"collection":[{"href":"https:\/\/ffthm.de\/index.php?rest_route=\/wp\/v2\/pages"}],"about":[{"href":"https:\/\/ffthm.de\/index.php?rest_route=\/wp\/v2\/types\/page"}],"author":[{"embeddable":true,"href":"https:\/\/ffthm.de\/index.php?rest_route=\/wp\/v2\/users\/1"}],"replies":[{"embeddable":true,"href":"https:\/\/ffthm.de\/index.php?rest_route=%2Fwp%2Fv2%2Fcomments&post=10"}],"version-history":[{"count":23,"href":"https:\/\/ffthm.de\/index.php?rest_route=\/wp\/v2\/pages\/10\/revisions"}],"predecessor-version":[{"id":315,"href":"https:\/\/ffthm.de\/index.php?rest_route=\/wp\/v2\/pages\/10\/revisions\/315"}],"wp:attachment":[{"href":"https:\/\/ffthm.de\/index.php?rest_route=%2Fwp%2Fv2%2Fmedia&parent=10"}],"curies":[{"name":"wp","href":"https:\/\/api.w.org\/{rel}","templated":true}]}}